{"id":8910,"date":"2022-08-04T12:33:37","date_gmt":"2022-08-04T10:33:37","guid":{"rendered":"https:\/\/arcclubsaintlois.fr\/?page_id=8910"},"modified":"2023-01-18T12:31:42","modified_gmt":"2023-01-18T11:31:42","slug":"construction-cabanon","status":"publish","type":"page","link":"https:\/\/arcclubsaintlois.fr\/index.php\/construction-cabanon\/","title":{"rendered":"Construction du cabanon"},"content":{"rendered":"\n<p>Apr\u00e8s plusieurs ann\u00e9es d&#8217;attente d&#8217;un nouvel espace de stockage au terrain du club, les travaux sont en cours pour la r\u00e9alisation d&#8217;un cabanon. <\/p>\n\n\n\n<p>La demande \u00e9tait initialement d&#8217;une dalle avec cabanon financ\u00e9e par le service des Sports de St L\u00f4, mais apr\u00e8s plusieurs ann\u00e9es d&#8217;attentes avec un budget pr\u00e9vu puis finalement utilis\u00e9 pour autre chose, j&#8217;ai d\u00e9cid\u00e9 de demander uniquement une dalle b\u00e9ton, plus cons\u00e9quente cependant. Elle fait dans les 6x8m alors que le cabanon fera 3.8&#215;5. Cela nous permettra de faire du stockage sur sol sec. <\/p>\n\n\n\n<p>Le service des sports \u00e0 r\u00e9alis\u00e9 la dalle lui m\u00eame puis \u00e0 fait le dossier de d\u00e9claration pr\u00e9alable de travaux. <\/p>\n\n\n\n<p>Ce s\u00e9same obtenu nous avons pu commencer le montage du cabanon. Nous avons fait le choix d&#8217;un cabanon fait par nos soins de A \u00e0 Z et non d&#8217;un cabanon en kit, cela permet d&#8217;un avoir un adapt\u00e9 \u00e0 nos besoins, ce qui implique un toit assez haut pour le stockage des chevalets, et un toit en bac acier vu la pr\u00e9sence des arbres aux alentours. <\/p>\n\n\n\n<p>Le principe est d&#8217;avoir \u00e0 terme une 2e structure de stockage &#8220;ouverte&#8221; entre le cabanon et les cibles. Nous allons r\u00e9aliser un nouveau toit qui couvrira les cibles et ira s&#8217;arr\u00eater juste au dessus du toit du cabanon. Cela permettra un espace de stockage de mat\u00e9riaux d&#8217;environ 5&#215;3.5m. Cela n\u00e9cessite cependant de d\u00e9monter les toits actuels de chacune des cibles, ce ne sera donc pas tr\u00e8s rapide \u00e0 faire.<\/p>\n\n\n\n<p>En 3 apr\u00e8s-midi la structure principale est mont\u00e9e, reste \u00e0 poser des croisillons en c\u00e2bles acier pour solidifier la structure, ensuite \u00e0 poser les parois r\u00e9alis\u00e9e avec un stock de portes de r\u00e9cup\u00e9ration. <\/p>\n\n\n\n<!-- index.php -->\n<div\n\tclass=\"ngg-galleryoverview\"\n\tid=\"ngg-gallery-bcd0993cc6f9b35f501557f8b54576e0-1\">\n\n    \t<div class=\"slideshowlink\">\n        <a href='https:\/\/arcclubsaintlois.fr\/index.php\/construction-cabanon\/nggallery\/slideshow'>[Show as slideshow]<\/a>\n\t\t\n\t<\/div>\n\t\t\t<!-- Thumbnails -->\n\t\t\t\t<div id=\"ngg-image-0\" class=\"ngg-gallery-thumbnail-box\" >\n\t\t\t\t        <div class=\"ngg-gallery-thumbnail\">\n            <a href=\"https:\/\/arcclubsaintlois.fr\/wp-content\/gallery\/construction-cabanon\/IMG_20220726_123651.jpg\"\n               title=\"\"\n               data-src=\"https:\/\/arcclubsaintlois.fr\/wp-content\/gallery\/construction-cabanon\/IMG_20220726_123651.jpg\"\n               data-thumbnail=\"https:\/\/arcclubsaintlois.fr\/wp-content\/gallery\/construction-cabanon\/thumbs\/thumbs_IMG_20220726_123651.jpg\"\n               data-image-id=\"446\"\n               data-title=\"dav\"\n               data-description=\"\"\n               data-image-slug=\"img_20220726_123651\"\n               class=\"ngg-simplelightbox\" rel=\"bcd0993cc6f9b35f501557f8b54576e0\">\n                <img\n                    title=\"dav\"\n                    alt=\"dav\"\n                    src=\"https:\/\/arcclubsaintlois.fr\/wp-content\/gallery\/construction-cabanon\/thumbs\/thumbs_IMG_20220726_123651.jpg\"\n                    width=\"240\"\n                    height=\"160\"\n                    style=\"max-width:100%;\"\n                \/>\n            <\/a>\n        <\/div>\n\t\t\t\t\t\t\t<\/div> \n\t\t\t\n        \n\t\t\t\t<div id=\"ngg-image-1\" class=\"ngg-gallery-thumbnail-box\" >\n\t\t\t\t        <div class=\"ngg-gallery-thumbnail\">\n            <a href=\"https:\/\/arcclubsaintlois.fr\/wp-content\/gallery\/construction-cabanon\/IMG_20220723_180424.jpg\"\n               title=\"\"\n               data-src=\"https:\/\/arcclubsaintlois.fr\/wp-content\/gallery\/construction-cabanon\/IMG_20220723_180424.jpg\"\n               data-thumbnail=\"https:\/\/arcclubsaintlois.fr\/wp-content\/gallery\/construction-cabanon\/thumbs\/thumbs_IMG_20220723_180424.jpg\"\n               data-image-id=\"447\"\n               data-title=\"dav\"\n               data-description=\"\"\n               data-image-slug=\"img_20220723_180424\"\n               class=\"ngg-simplelightbox\" rel=\"bcd0993cc6f9b35f501557f8b54576e0\">\n                <img\n                    title=\"dav\"\n                    alt=\"dav\"\n                    src=\"https:\/\/arcclubsaintlois.fr\/wp-content\/gallery\/construction-cabanon\/thumbs\/thumbs_IMG_20220723_180424.jpg\"\n                    width=\"240\"\n                    height=\"160\"\n                    style=\"max-width:100%;\"\n                \/>\n            <\/a>\n        <\/div>\n\t\t\t\t\t\t\t<\/div> \n\t\t\t\n        \n\t\t\t\t<div id=\"ngg-image-2\" class=\"ngg-gallery-thumbnail-box\" >\n\t\t\t\t        <div class=\"ngg-gallery-thumbnail\">\n            <a href=\"https:\/\/arcclubsaintlois.fr\/wp-content\/gallery\/construction-cabanon\/IMG_20220829_190231.jpg\"\n               title=\"\"\n               data-src=\"https:\/\/arcclubsaintlois.fr\/wp-content\/gallery\/construction-cabanon\/IMG_20220829_190231.jpg\"\n               data-thumbnail=\"https:\/\/arcclubsaintlois.fr\/wp-content\/gallery\/construction-cabanon\/thumbs\/thumbs_IMG_20220829_190231.jpg\"\n               data-image-id=\"568\"\n               data-title=\"dav\"\n               data-description=\"\"\n               data-image-slug=\"img_20220829_190231\"\n               class=\"ngg-simplelightbox\" rel=\"bcd0993cc6f9b35f501557f8b54576e0\">\n                <img\n                    title=\"dav\"\n                    alt=\"dav\"\n                    src=\"https:\/\/arcclubsaintlois.fr\/wp-content\/gallery\/construction-cabanon\/thumbs\/thumbs_IMG_20220829_190231.jpg\"\n                    width=\"240\"\n                    height=\"160\"\n                    style=\"max-width:100%;\"\n                \/>\n            <\/a>\n        <\/div>\n\t\t\t\t\t\t\t<\/div> \n\t\t\t\n        \n\t\t\t\t<div id=\"ngg-image-3\" class=\"ngg-gallery-thumbnail-box\" >\n\t\t\t\t        <div class=\"ngg-gallery-thumbnail\">\n            <a href=\"https:\/\/arcclubsaintlois.fr\/wp-content\/gallery\/construction-cabanon\/IMG_20220821_202112.jpg\"\n               title=\"\"\n               data-src=\"https:\/\/arcclubsaintlois.fr\/wp-content\/gallery\/construction-cabanon\/IMG_20220821_202112.jpg\"\n               data-thumbnail=\"https:\/\/arcclubsaintlois.fr\/wp-content\/gallery\/construction-cabanon\/thumbs\/thumbs_IMG_20220821_202112.jpg\"\n               data-image-id=\"563\"\n               data-title=\"dav\"\n               data-description=\"\"\n               data-image-slug=\"img_20220821_202112\"\n               class=\"ngg-simplelightbox\" rel=\"bcd0993cc6f9b35f501557f8b54576e0\">\n                <img\n                    title=\"dav\"\n                    alt=\"dav\"\n                    src=\"https:\/\/arcclubsaintlois.fr\/wp-content\/gallery\/construction-cabanon\/thumbs\/thumbs_IMG_20220821_202112.jpg\"\n                    width=\"240\"\n                    height=\"160\"\n                    style=\"max-width:100%;\"\n                \/>\n            <\/a>\n        <\/div>\n\t\t\t\t\t\t\t<\/div> \n\t\t\t\n        \n\t\t\t\t<div id=\"ngg-image-4\" class=\"ngg-gallery-thumbnail-box\" >\n\t\t\t\t        <div class=\"ngg-gallery-thumbnail\">\n            <a href=\"https:\/\/arcclubsaintlois.fr\/wp-content\/gallery\/construction-cabanon\/PXL_20230116_112253451.jpg\"\n               title=\"\"\n               data-src=\"https:\/\/arcclubsaintlois.fr\/wp-content\/gallery\/construction-cabanon\/PXL_20230116_112253451.jpg\"\n               data-thumbnail=\"https:\/\/arcclubsaintlois.fr\/wp-content\/gallery\/construction-cabanon\/thumbs\/thumbs_PXL_20230116_112253451.jpg\"\n               data-image-id=\"561\"\n               data-title=\"PXL_20230116_112253451\"\n               data-description=\"\"\n               data-image-slug=\"pxl_20230116_112253451\"\n               class=\"ngg-simplelightbox\" rel=\"bcd0993cc6f9b35f501557f8b54576e0\">\n                <img\n                    title=\"PXL_20230116_112253451\"\n                    alt=\"PXL_20230116_112253451\"\n                    src=\"https:\/\/arcclubsaintlois.fr\/wp-content\/gallery\/construction-cabanon\/thumbs\/thumbs_PXL_20230116_112253451.jpg\"\n                    width=\"240\"\n                    height=\"160\"\n                    style=\"max-width:100%;\"\n                \/>\n            <\/a>\n        <\/div>\n\t\t\t\t\t\t\t<\/div> \n\t\t\t\n        \n\t\t\t\t<div id=\"ngg-image-5\" class=\"ngg-gallery-thumbnail-box\" >\n\t\t\t\t        <div class=\"ngg-gallery-thumbnail\">\n            <a href=\"https:\/\/arcclubsaintlois.fr\/wp-content\/gallery\/construction-cabanon\/PXL_20230116_164917596.jpg\"\n               title=\"\"\n               data-src=\"https:\/\/arcclubsaintlois.fr\/wp-content\/gallery\/construction-cabanon\/PXL_20230116_164917596.jpg\"\n               data-thumbnail=\"https:\/\/arcclubsaintlois.fr\/wp-content\/gallery\/construction-cabanon\/thumbs\/thumbs_PXL_20230116_164917596.jpg\"\n               data-image-id=\"562\"\n               data-title=\"PXL_20230116_164917596\"\n               data-description=\"\"\n               data-image-slug=\"pxl_20230116_164917596\"\n               class=\"ngg-simplelightbox\" rel=\"bcd0993cc6f9b35f501557f8b54576e0\">\n                <img\n                    title=\"PXL_20230116_164917596\"\n                    alt=\"PXL_20230116_164917596\"\n                    src=\"https:\/\/arcclubsaintlois.fr\/wp-content\/gallery\/construction-cabanon\/thumbs\/thumbs_PXL_20230116_164917596.jpg\"\n                    width=\"240\"\n                    height=\"160\"\n                    style=\"max-width:100%;\"\n                \/>\n            <\/a>\n        <\/div>\n\t\t\t\t\t\t\t<\/div> \n\t\t\t\n        \n\t\t\t\t<div id=\"ngg-image-6\" class=\"ngg-gallery-thumbnail-box\" >\n\t\t\t\t        <div class=\"ngg-gallery-thumbnail\">\n            <a href=\"https:\/\/arcclubsaintlois.fr\/wp-content\/gallery\/construction-cabanon\/IMG_20220731_180929.jpg\"\n               title=\"\"\n               data-src=\"https:\/\/arcclubsaintlois.fr\/wp-content\/gallery\/construction-cabanon\/IMG_20220731_180929.jpg\"\n               data-thumbnail=\"https:\/\/arcclubsaintlois.fr\/wp-content\/gallery\/construction-cabanon\/thumbs\/thumbs_IMG_20220731_180929.jpg\"\n               data-image-id=\"452\"\n               data-title=\"sdr\"\n               data-description=\"\"\n               data-image-slug=\"img_20220731_180929\"\n               class=\"ngg-simplelightbox\" rel=\"bcd0993cc6f9b35f501557f8b54576e0\">\n                <img\n                    title=\"sdr\"\n                    alt=\"sdr\"\n                    src=\"https:\/\/arcclubsaintlois.fr\/wp-content\/gallery\/construction-cabanon\/thumbs\/thumbs_IMG_20220731_180929.jpg\"\n                    width=\"240\"\n                    height=\"160\"\n                    style=\"max-width:100%;\"\n                \/>\n            <\/a>\n        <\/div>\n\t\t\t\t\t\t\t<\/div> \n\t\t\t\n        \n\t\t\t\t<div id=\"ngg-image-7\" class=\"ngg-gallery-thumbnail-box\" >\n\t\t\t\t        <div class=\"ngg-gallery-thumbnail\">\n            <a href=\"https:\/\/arcclubsaintlois.fr\/wp-content\/gallery\/construction-cabanon\/IMG_20220731_180923.jpg\"\n               title=\"\"\n               data-src=\"https:\/\/arcclubsaintlois.fr\/wp-content\/gallery\/construction-cabanon\/IMG_20220731_180923.jpg\"\n               data-thumbnail=\"https:\/\/arcclubsaintlois.fr\/wp-content\/gallery\/construction-cabanon\/thumbs\/thumbs_IMG_20220731_180923.jpg\"\n               data-image-id=\"453\"\n               data-title=\"sdr\"\n               data-description=\"\"\n               data-image-slug=\"img_20220731_180923\"\n               class=\"ngg-simplelightbox\" rel=\"bcd0993cc6f9b35f501557f8b54576e0\">\n                <img\n                    title=\"sdr\"\n                    alt=\"sdr\"\n                    src=\"https:\/\/arcclubsaintlois.fr\/wp-content\/gallery\/construction-cabanon\/thumbs\/thumbs_IMG_20220731_180923.jpg\"\n                    width=\"240\"\n                    height=\"160\"\n                    style=\"max-width:100%;\"\n                \/>\n            <\/a>\n        <\/div>\n\t\t\t\t\t\t\t<\/div> \n\t\t\t\n        \n\t\t\t\t<div id=\"ngg-image-8\" class=\"ngg-gallery-thumbnail-box\" >\n\t\t\t\t        <div class=\"ngg-gallery-thumbnail\">\n            <a href=\"https:\/\/arcclubsaintlois.fr\/wp-content\/gallery\/construction-cabanon\/IMG_20220801_173439.jpg\"\n               title=\"\"\n               data-src=\"https:\/\/arcclubsaintlois.fr\/wp-content\/gallery\/construction-cabanon\/IMG_20220801_173439.jpg\"\n               data-thumbnail=\"https:\/\/arcclubsaintlois.fr\/wp-content\/gallery\/construction-cabanon\/thumbs\/thumbs_IMG_20220801_173439.jpg\"\n               data-image-id=\"454\"\n               data-title=\"sdr\"\n               data-description=\"\"\n               data-image-slug=\"img_20220801_173439\"\n               class=\"ngg-simplelightbox\" rel=\"bcd0993cc6f9b35f501557f8b54576e0\">\n                <img\n                    title=\"sdr\"\n                    alt=\"sdr\"\n                    src=\"https:\/\/arcclubsaintlois.fr\/wp-content\/gallery\/construction-cabanon\/thumbs\/thumbs_IMG_20220801_173439.jpg\"\n                    width=\"240\"\n                    height=\"160\"\n                    style=\"max-width:100%;\"\n                \/>\n            <\/a>\n        <\/div>\n\t\t\t\t\t\t\t<\/div> \n\t\t\t\n        \n\t\t\t\t<div id=\"ngg-image-9\" class=\"ngg-gallery-thumbnail-box\" >\n\t\t\t\t        <div class=\"ngg-gallery-thumbnail\">\n            <a href=\"https:\/\/arcclubsaintlois.fr\/wp-content\/gallery\/construction-cabanon\/PXL_20230115_094021827.jpg\"\n               title=\"\"\n               data-src=\"https:\/\/arcclubsaintlois.fr\/wp-content\/gallery\/construction-cabanon\/PXL_20230115_094021827.jpg\"\n               data-thumbnail=\"https:\/\/arcclubsaintlois.fr\/wp-content\/gallery\/construction-cabanon\/thumbs\/thumbs_PXL_20230115_094021827.jpg\"\n               data-image-id=\"556\"\n               data-title=\"PXL_20230115_094021827\"\n               data-description=\"\"\n               data-image-slug=\"pxl_20230115_094021827\"\n               class=\"ngg-simplelightbox\" rel=\"bcd0993cc6f9b35f501557f8b54576e0\">\n                <img\n                    title=\"PXL_20230115_094021827\"\n                    alt=\"PXL_20230115_094021827\"\n                    src=\"https:\/\/arcclubsaintlois.fr\/wp-content\/gallery\/construction-cabanon\/thumbs\/thumbs_PXL_20230115_094021827.jpg\"\n                    width=\"240\"\n                    height=\"160\"\n                    style=\"max-width:100%;\"\n                \/>\n            <\/a>\n        <\/div>\n\t\t\t\t\t\t\t<\/div> \n\t\t\t\n        \n\t\t\n\t\t<!-- Pagination -->\n\t<div class='ngg-navigation'><span class='current'>1<\/span>\n<a class='page-numbers' data-pageid='2' href='https:\/\/arcclubsaintlois.fr\/index.php\/construction-cabanon\/nggallery\/page\/2'>2<\/a>\n<a class='page-numbers' data-pageid='3' href='https:\/\/arcclubsaintlois.fr\/index.php\/construction-cabanon\/nggallery\/page\/3'>3<\/a>\n<a class='prev' href='https:\/\/arcclubsaintlois.fr\/index.php\/construction-cabanon\/nggallery\/page\/2' data-pageid=2>&#9658;<\/a><\/div>\t<\/div>\n\n\n\n\n<p>Edit du 18\/01\/23 : toit pos\u00e9 ce dimanche sous la gr\u00eale et la pluie, puis c\u00e2bles d&#8217;acier, plaques de bas de parois et goutti\u00e8re en place. Maintenant on attend un peu de beau temps pour poser la bande d&#8217;\u00e9tanch\u00e9it\u00e9 au sol avant de s&#8217;attaquer au bardage. <\/p>\n","protected":false},"excerpt":{"rendered":"<p>Apr\u00e8s plusieurs ann\u00e9es d&#8217;attente d&#8217;un nouvel espace de stockage au terrain du club, les travaux sont en cours pour la r\u00e9alisation d&#8217;un cabanon. La demande \u00e9tait initialement d&#8217;une dalle avec cabanon financ\u00e9e par le service des Sports de St L\u00f4, mais apr\u00e8s plusieurs ann\u00e9es d&#8217;attentes avec un budget pr\u00e9vu puis finalement utilis\u00e9 pour autre chose, j&#8217;ai d\u00e9cid\u00e9 de demander uniquement une dalle b\u00e9ton, plus cons\u00e9quente cependant. Elle fait dans les 6x8m alors que le cabanon fera 3.8&#215;5. Cela nous permettra&#8230;<\/p>\n<p class=\"read-more\"><a class=\"btn btn-default\" href=\"https:\/\/arcclubsaintlois.fr\/index.php\/construction-cabanon\/\"> Read More<span class=\"screen-reader-text\">  Read More<\/span><\/a><\/p>\n","protected":false},"author":1,"featured_media":0,"parent":0,"menu_order":0,"comment_status":"closed","ping_status":"closed","template":"","meta":{"ngg_post_thumbnail":0,"footnotes":""},"class_list":["post-8910","page","type-page","status-publish","hentry"],"yoast_head":"<!-- This site is optimized with the Yoast SEO plugin v19.6.1 - https:\/\/yoast.com\/wordpress\/plugins\/seo\/ -->\n<title>Construction du cabanon - Arc Club Saint-Lois<\/title>\n<meta name=\"robots\" content=\"index, follow, max-snippet:-1, max-image-preview:large, max-video-preview:-1\" \/>\n<link rel=\"canonical\" href=\"https:\/\/arcclubsaintlois.fr\/index.php\/construction-cabanon\/\" \/>\n<meta property=\"og:locale\" content=\"en_US\" \/>\n<meta property=\"og:type\" content=\"article\" \/>\n<meta property=\"og:title\" content=\"Construction du cabanon - Arc Club Saint-Lois\" \/>\n<meta property=\"og:description\" content=\"Apr\u00e8s plusieurs ann\u00e9es d&#8217;attente d&#8217;un nouvel espace de stockage au terrain du club, les travaux sont en cours pour la r\u00e9alisation d&#8217;un cabanon. La demande \u00e9tait initialement d&#8217;une dalle avec cabanon financ\u00e9e par le service des Sports de St L\u00f4, mais apr\u00e8s plusieurs ann\u00e9es d&#8217;attentes avec un budget pr\u00e9vu puis finalement utilis\u00e9 pour autre chose, j&#8217;ai d\u00e9cid\u00e9 de demander uniquement une dalle b\u00e9ton, plus cons\u00e9quente cependant. Elle fait dans les 6x8m alors que le cabanon fera 3.8&#215;5. Cela nous permettra... Read More Read More\" \/>\n<meta property=\"og:url\" content=\"https:\/\/arcclubsaintlois.fr\/index.php\/construction-cabanon\/\" \/>\n<meta property=\"og:site_name\" content=\"Arc Club Saint-Lois\" \/>\n<meta property=\"article:modified_time\" content=\"2023-01-18T11:31:42+00:00\" \/>\n<meta name=\"twitter:card\" content=\"summary_large_image\" \/>\n<meta name=\"twitter:label1\" content=\"Est. reading time\" \/>\n\t<meta name=\"twitter:data1\" content=\"2 minutes\" \/>\n<script type=\"application\/ld+json\" class=\"yoast-schema-graph\">{\"@context\":\"https:\/\/schema.org\",\"@graph\":[{\"@type\":\"WebPage\",\"@id\":\"https:\/\/arcclubsaintlois.fr\/index.php\/construction-cabanon\/\",\"url\":\"https:\/\/arcclubsaintlois.fr\/index.php\/construction-cabanon\/\",\"name\":\"Construction du cabanon - Arc Club Saint-Lois\",\"isPartOf\":{\"@id\":\"https:\/\/arcclubsaintlois.fr\/#website\"},\"datePublished\":\"2022-08-04T10:33:37+00:00\",\"dateModified\":\"2023-01-18T11:31:42+00:00\",\"breadcrumb\":{\"@id\":\"https:\/\/arcclubsaintlois.fr\/index.php\/construction-cabanon\/#breadcrumb\"},\"inLanguage\":\"en-US\",\"potentialAction\":[{\"@type\":\"ReadAction\",\"target\":[\"https:\/\/arcclubsaintlois.fr\/index.php\/construction-cabanon\/\"]}]},{\"@type\":\"BreadcrumbList\",\"@id\":\"https:\/\/arcclubsaintlois.fr\/index.php\/construction-cabanon\/#breadcrumb\",\"itemListElement\":[{\"@type\":\"ListItem\",\"position\":1,\"name\":\"Accueil\",\"item\":\"https:\/\/arcclubsaintlois.fr\/\"},{\"@type\":\"ListItem\",\"position\":2,\"name\":\"Construction du cabanon\"}]},{\"@type\":\"WebSite\",\"@id\":\"https:\/\/arcclubsaintlois.fr\/#website\",\"url\":\"https:\/\/arcclubsaintlois.fr\/\",\"name\":\"Arc Club Saint-Lois\",\"description\":\"Le tir \u00e0 l&#039;arc sur St L\u00f4 pour tous\",\"potentialAction\":[{\"@type\":\"SearchAction\",\"target\":{\"@type\":\"EntryPoint\",\"urlTemplate\":\"https:\/\/arcclubsaintlois.fr\/?s={search_term_string}\"},\"query-input\":\"required name=search_term_string\"}],\"inLanguage\":\"en-US\"}]}<\/script>\n<!-- \/ Yoast SEO plugin. -->","yoast_head_json":{"title":"Construction du cabanon - Arc Club Saint-Lois","robots":{"index":"index","follow":"follow","max-snippet":"max-snippet:-1","max-image-preview":"max-image-preview:large","max-video-preview":"max-video-preview:-1"},"canonical":"https:\/\/arcclubsaintlois.fr\/index.php\/construction-cabanon\/","og_locale":"en_US","og_type":"article","og_title":"Construction du cabanon - Arc Club Saint-Lois","og_description":"Apr\u00e8s plusieurs ann\u00e9es d&#8217;attente d&#8217;un nouvel espace de stockage au terrain du club, les travaux sont en cours pour la r\u00e9alisation d&#8217;un cabanon. La demande \u00e9tait initialement d&#8217;une dalle avec cabanon financ\u00e9e par le service des Sports de St L\u00f4, mais apr\u00e8s plusieurs ann\u00e9es d&#8217;attentes avec un budget pr\u00e9vu puis finalement utilis\u00e9 pour autre chose, j&#8217;ai d\u00e9cid\u00e9 de demander uniquement une dalle b\u00e9ton, plus cons\u00e9quente cependant. Elle fait dans les 6x8m alors que le cabanon fera 3.8&#215;5. Cela nous permettra... Read More Read More","og_url":"https:\/\/arcclubsaintlois.fr\/index.php\/construction-cabanon\/","og_site_name":"Arc Club Saint-Lois","article_modified_time":"2023-01-18T11:31:42+00:00","twitter_card":"summary_large_image","twitter_misc":{"Est. reading time":"2 minutes"},"schema":{"@context":"https:\/\/schema.org","@graph":[{"@type":"WebPage","@id":"https:\/\/arcclubsaintlois.fr\/index.php\/construction-cabanon\/","url":"https:\/\/arcclubsaintlois.fr\/index.php\/construction-cabanon\/","name":"Construction du cabanon - Arc Club Saint-Lois","isPartOf":{"@id":"https:\/\/arcclubsaintlois.fr\/#website"},"datePublished":"2022-08-04T10:33:37+00:00","dateModified":"2023-01-18T11:31:42+00:00","breadcrumb":{"@id":"https:\/\/arcclubsaintlois.fr\/index.php\/construction-cabanon\/#breadcrumb"},"inLanguage":"en-US","potentialAction":[{"@type":"ReadAction","target":["https:\/\/arcclubsaintlois.fr\/index.php\/construction-cabanon\/"]}]},{"@type":"BreadcrumbList","@id":"https:\/\/arcclubsaintlois.fr\/index.php\/construction-cabanon\/#breadcrumb","itemListElement":[{"@type":"ListItem","position":1,"name":"Accueil","item":"https:\/\/arcclubsaintlois.fr\/"},{"@type":"ListItem","position":2,"name":"Construction du cabanon"}]},{"@type":"WebSite","@id":"https:\/\/arcclubsaintlois.fr\/#website","url":"https:\/\/arcclubsaintlois.fr\/","name":"Arc Club Saint-Lois","description":"Le tir \u00e0 l&#039;arc sur St L\u00f4 pour tous","potentialAction":[{"@type":"SearchAction","target":{"@type":"EntryPoint","urlTemplate":"https:\/\/arcclubsaintlois.fr\/?s={search_term_string}"},"query-input":"required name=search_term_string"}],"inLanguage":"en-US"}]}},"_links":{"self":[{"href":"https:\/\/arcclubsaintlois.fr\/index.php\/wp-json\/wp\/v2\/pages\/8910","targetHints":{"allow":["GET"]}}],"collection":[{"href":"https:\/\/arcclubsaintlois.fr\/index.php\/wp-json\/wp\/v2\/pages"}],"about":[{"href":"https:\/\/arcclubsaintlois.fr\/index.php\/wp-json\/wp\/v2\/types\/page"}],"author":[{"embeddable":true,"href":"https:\/\/arcclubsaintlois.fr\/index.php\/wp-json\/wp\/v2\/users\/1"}],"replies":[{"embeddable":true,"href":"https:\/\/arcclubsaintlois.fr\/index.php\/wp-json\/wp\/v2\/comments?post=8910"}],"version-history":[{"count":6,"href":"https:\/\/arcclubsaintlois.fr\/index.php\/wp-json\/wp\/v2\/pages\/8910\/revisions"}],"predecessor-version":[{"id":9100,"href":"https:\/\/arcclubsaintlois.fr\/index.php\/wp-json\/wp\/v2\/pages\/8910\/revisions\/9100"}],"wp:attachment":[{"href":"https:\/\/arcclubsaintlois.fr\/index.php\/wp-json\/wp\/v2\/media?parent=8910"}],"curies":[{"name":"wp","href":"https:\/\/api.w.org\/{rel}","templated":true}]}}