{"id":6976,"date":"2018-12-08T14:38:56","date_gmt":"2018-12-08T13:38:56","guid":{"rendered":"https:\/\/www.arcclubsaintlois.fr\/?page_id=6976"},"modified":"2022-02-24T19:32:29","modified_gmt":"2022-02-24T18:32:29","slug":"plateforme-dinscription","status":"publish","type":"page","link":"https:\/\/arcclubsaintlois.fr\/index.php\/plateforme-dinscription\/","title":{"rendered":"Inscriptions aux comp\u00e9titions"},"content":{"rendered":"<p>Le club afin de se moderniser et de vous permettre de faire une demande d&#8217;inscription ou de savoir o\u00f9 en est une demande d&#8217;inscription \u00e0 mis en ligne le tableau que vous retrouvez \u00e0 la salle d&#8217;entrainement. C&#8217;est la derni\u00e8re version \u00e0 jour qui y sera \u00e0 chaque fois.<\/p>\n<p><a href=\"https:\/\/docs.google.com\/spreadsheets\/d\/1S7N2s9iX6n112mcr_Htsb7iJKm-yEpPf4I8AwNNZWGk\/edit?usp=sharing\">Plateforme d&#8217;inscription (Lien)<\/a><\/p>\n<p>Si vous souhaitez demander que l&#8217;on vous inscrive laissez un commentaire sur la cellule correspondante.<\/p>\n\n\n<p>Lien vers le calendrier avec les invitations <a href=\"https:\/\/tiralarc-normandie.fr\/calendrier-estival\/\" target=\"_blank\" rel=\"noreferrer noopener\">https:\/\/tiralarc-normandie.fr\/calendrier-estival\/ <\/a><\/p>\n","protected":false},"excerpt":{"rendered":"<p>Le club afin de se moderniser et de vous permettre de faire une demande d&#8217;inscription ou de savoir o\u00f9 en est une demande d&#8217;inscription \u00e0 mis en ligne le tableau que vous retrouvez \u00e0 la salle d&#8217;entrainement. C&#8217;est la derni\u00e8re version \u00e0 jour qui y sera \u00e0 chaque fois. Plateforme d&#8217;inscription (Lien) Si vous souhaitez demander que l&#8217;on vous inscrive laissez un commentaire sur la cellule correspondante. Lien vers le calendrier avec les invitations https:\/\/tiralarc-normandie.fr\/calendrier-estival\/<\/p>\n","protected":false},"author":6,"featured_media":0,"parent":0,"menu_order":0,"comment_status":"closed","ping_status":"closed","template":"","meta":{"ngg_post_thumbnail":0,"footnotes":""},"class_list":["post-6976","page","type-page","status-publish","hentry"],"yoast_head":"<!-- This site is optimized with the Yoast SEO plugin v19.6.1 - https:\/\/yoast.com\/wordpress\/plugins\/seo\/ -->\n<title>Inscriptions aux comp\u00e9titions - Arc Club Saint-Lois<\/title>\n<meta name=\"robots\" content=\"index, follow, max-snippet:-1, max-image-preview:large, max-video-preview:-1\" \/>\n<link rel=\"canonical\" href=\"https:\/\/arcclubsaintlois.fr\/index.php\/plateforme-dinscription\/\" \/>\n<meta property=\"og:locale\" content=\"en_US\" \/>\n<meta property=\"og:type\" content=\"article\" \/>\n<meta property=\"og:title\" content=\"Inscriptions aux comp\u00e9titions - Arc Club Saint-Lois\" \/>\n<meta property=\"og:description\" content=\"Le club afin de se moderniser et de vous permettre de faire une demande d&#8217;inscription ou de savoir o\u00f9 en est une demande d&#8217;inscription \u00e0 mis en ligne le tableau que vous retrouvez \u00e0 la salle d&#8217;entrainement. C&#8217;est la derni\u00e8re version \u00e0 jour qui y sera \u00e0 chaque fois. Plateforme d&#8217;inscription (Lien) Si vous souhaitez demander que l&#8217;on vous inscrive laissez un commentaire sur la cellule correspondante. Lien vers le calendrier avec les invitations https:\/\/tiralarc-normandie.fr\/calendrier-estival\/\" \/>\n<meta property=\"og:url\" content=\"https:\/\/arcclubsaintlois.fr\/index.php\/plateforme-dinscription\/\" \/>\n<meta property=\"og:site_name\" content=\"Arc Club Saint-Lois\" \/>\n<meta property=\"article:modified_time\" content=\"2022-02-24T18:32:29+00:00\" \/>\n<meta name=\"twitter:card\" content=\"summary_large_image\" \/>\n<meta name=\"twitter:label1\" content=\"Est. reading time\" \/>\n\t<meta name=\"twitter:data1\" content=\"1 minute\" \/>\n<script type=\"application\/ld+json\" class=\"yoast-schema-graph\">{\"@context\":\"https:\/\/schema.org\",\"@graph\":[{\"@type\":\"WebPage\",\"@id\":\"https:\/\/arcclubsaintlois.fr\/index.php\/plateforme-dinscription\/\",\"url\":\"https:\/\/arcclubsaintlois.fr\/index.php\/plateforme-dinscription\/\",\"name\":\"Inscriptions aux comp\u00e9titions - Arc Club Saint-Lois\",\"isPartOf\":{\"@id\":\"https:\/\/arcclubsaintlois.fr\/#website\"},\"datePublished\":\"2018-12-08T13:38:56+00:00\",\"dateModified\":\"2022-02-24T18:32:29+00:00\",\"breadcrumb\":{\"@id\":\"https:\/\/arcclubsaintlois.fr\/index.php\/plateforme-dinscription\/#breadcrumb\"},\"inLanguage\":\"en-US\",\"potentialAction\":[{\"@type\":\"ReadAction\",\"target\":[\"https:\/\/arcclubsaintlois.fr\/index.php\/plateforme-dinscription\/\"]}]},{\"@type\":\"BreadcrumbList\",\"@id\":\"https:\/\/arcclubsaintlois.fr\/index.php\/plateforme-dinscription\/#breadcrumb\",\"itemListElement\":[{\"@type\":\"ListItem\",\"position\":1,\"name\":\"Accueil\",\"item\":\"https:\/\/arcclubsaintlois.fr\/\"},{\"@type\":\"ListItem\",\"position\":2,\"name\":\"Inscriptions aux comp\u00e9titions\"}]},{\"@type\":\"WebSite\",\"@id\":\"https:\/\/arcclubsaintlois.fr\/#website\",\"url\":\"https:\/\/arcclubsaintlois.fr\/\",\"name\":\"Arc Club Saint-Lois\",\"description\":\"Le tir \u00e0 l&#039;arc sur St L\u00f4 pour tous\",\"potentialAction\":[{\"@type\":\"SearchAction\",\"target\":{\"@type\":\"EntryPoint\",\"urlTemplate\":\"https:\/\/arcclubsaintlois.fr\/?s={search_term_string}\"},\"query-input\":\"required name=search_term_string\"}],\"inLanguage\":\"en-US\"}]}<\/script>\n<!-- \/ Yoast SEO plugin. -->","yoast_head_json":{"title":"Inscriptions aux comp\u00e9titions - Arc Club Saint-Lois","robots":{"index":"index","follow":"follow","max-snippet":"max-snippet:-1","max-image-preview":"max-image-preview:large","max-video-preview":"max-video-preview:-1"},"canonical":"https:\/\/arcclubsaintlois.fr\/index.php\/plateforme-dinscription\/","og_locale":"en_US","og_type":"article","og_title":"Inscriptions aux comp\u00e9titions - Arc Club Saint-Lois","og_description":"Le club afin de se moderniser et de vous permettre de faire une demande d&#8217;inscription ou de savoir o\u00f9 en est une demande d&#8217;inscription \u00e0 mis en ligne le tableau que vous retrouvez \u00e0 la salle d&#8217;entrainement. C&#8217;est la derni\u00e8re version \u00e0 jour qui y sera \u00e0 chaque fois. Plateforme d&#8217;inscription (Lien) Si vous souhaitez demander que l&#8217;on vous inscrive laissez un commentaire sur la cellule correspondante. Lien vers le calendrier avec les invitations https:\/\/tiralarc-normandie.fr\/calendrier-estival\/","og_url":"https:\/\/arcclubsaintlois.fr\/index.php\/plateforme-dinscription\/","og_site_name":"Arc Club Saint-Lois","article_modified_time":"2022-02-24T18:32:29+00:00","twitter_card":"summary_large_image","twitter_misc":{"Est. reading time":"1 minute"},"schema":{"@context":"https:\/\/schema.org","@graph":[{"@type":"WebPage","@id":"https:\/\/arcclubsaintlois.fr\/index.php\/plateforme-dinscription\/","url":"https:\/\/arcclubsaintlois.fr\/index.php\/plateforme-dinscription\/","name":"Inscriptions aux comp\u00e9titions - Arc Club Saint-Lois","isPartOf":{"@id":"https:\/\/arcclubsaintlois.fr\/#website"},"datePublished":"2018-12-08T13:38:56+00:00","dateModified":"2022-02-24T18:32:29+00:00","breadcrumb":{"@id":"https:\/\/arcclubsaintlois.fr\/index.php\/plateforme-dinscription\/#breadcrumb"},"inLanguage":"en-US","potentialAction":[{"@type":"ReadAction","target":["https:\/\/arcclubsaintlois.fr\/index.php\/plateforme-dinscription\/"]}]},{"@type":"BreadcrumbList","@id":"https:\/\/arcclubsaintlois.fr\/index.php\/plateforme-dinscription\/#breadcrumb","itemListElement":[{"@type":"ListItem","position":1,"name":"Accueil","item":"https:\/\/arcclubsaintlois.fr\/"},{"@type":"ListItem","position":2,"name":"Inscriptions aux comp\u00e9titions"}]},{"@type":"WebSite","@id":"https:\/\/arcclubsaintlois.fr\/#website","url":"https:\/\/arcclubsaintlois.fr\/","name":"Arc Club Saint-Lois","description":"Le tir \u00e0 l&#039;arc sur St L\u00f4 pour tous","potentialAction":[{"@type":"SearchAction","target":{"@type":"EntryPoint","urlTemplate":"https:\/\/arcclubsaintlois.fr\/?s={search_term_string}"},"query-input":"required name=search_term_string"}],"inLanguage":"en-US"}]}},"_links":{"self":[{"href":"https:\/\/arcclubsaintlois.fr\/index.php\/wp-json\/wp\/v2\/pages\/6976","targetHints":{"allow":["GET"]}}],"collection":[{"href":"https:\/\/arcclubsaintlois.fr\/index.php\/wp-json\/wp\/v2\/pages"}],"about":[{"href":"https:\/\/arcclubsaintlois.fr\/index.php\/wp-json\/wp\/v2\/types\/page"}],"author":[{"embeddable":true,"href":"https:\/\/arcclubsaintlois.fr\/index.php\/wp-json\/wp\/v2\/users\/6"}],"replies":[{"embeddable":true,"href":"https:\/\/arcclubsaintlois.fr\/index.php\/wp-json\/wp\/v2\/comments?post=6976"}],"version-history":[{"count":4,"href":"https:\/\/arcclubsaintlois.fr\/index.php\/wp-json\/wp\/v2\/pages\/6976\/revisions"}],"predecessor-version":[{"id":8836,"href":"https:\/\/arcclubsaintlois.fr\/index.php\/wp-json\/wp\/v2\/pages\/6976\/revisions\/8836"}],"wp:attachment":[{"href":"https:\/\/arcclubsaintlois.fr\/index.php\/wp-json\/wp\/v2\/media?parent=6976"}],"curies":[{"name":"wp","href":"https:\/\/api.w.org\/{rel}","templated":true}]}}