{"id":66,"date":"2010-02-12T21:01:00","date_gmt":"2010-02-12T21:01:00","guid":{"rendered":"http:\/\/www.arcclubsaintlois.fr\/?page_id=66"},"modified":"2022-05-11T11:35:49","modified_gmt":"2022-05-11T09:35:49","slug":"pratique","status":"publish","type":"page","link":"https:\/\/arcclubsaintlois.fr\/index.php\/le-club\/pratique\/","title":{"rendered":"Pratique"},"content":{"rendered":"<h2><span style=\"text-decoration: underline;\">Entra\u00eenements en ext\u00e9rieur : saison 2021-2022<\/span><\/h2>\n<ul>\n<li><strong>Lundi: <\/strong>18h00 \u00e0 20h00<\/li>\n<\/ul>\n<ul>\n<li><strong>Mercredi<\/strong> :18h00 \u00e0 20h00 archers confirm\u00e9s<\/li>\n<\/ul>\n<ul>\n<li><strong>Vendredi : <\/strong>18h00 \u00e0 20h00 <strong>exclusivement r\u00e9serv\u00e9 aux comp\u00e9titeurs<\/strong><\/li>\n<\/ul>\n<ul>\n<li><strong>Samedi : <\/strong>10h00 \u00e0 12h00 tous public<\/li>\n<\/ul>\n<h2>Horaires pour les entrainements en salle (jusqu&#8217;\u00e0 avril environ)<\/h2>\n<ul>\n<li><strong>Lundi: <\/strong>18h00 \u00e0 19h45 d\u00e9butants, 19h45 \u00e0 22h00 archers confirm\u00e9s<\/li>\n<\/ul>\n<ul>\n<li><strong>Mercredi<\/strong> :19h30 \u00e0 22h00 archers confirm\u00e9s<\/li>\n<\/ul>\n<ul>\n<li><strong>Vendredi : <\/strong>20h00 \u00e0 22h00 <span style=\"text-decoration: underline;\"><strong><span style=\"color: #ff0000;\">exclusivement r\u00e9serv\u00e9 aux comp\u00e9titeurs<\/span><\/strong><\/span><\/li>\n<\/ul>\n<ul>\n<li><strong><span style=\"color: #000000;\">Samedi : <\/span><\/strong>10h00 \u00e0 12h00 tous public<\/li>\n<\/ul>\n<h2><span style=\"text-decoration: underline;\">Moyens mis a disposition<\/span><\/h2>\n<p>Toutes nos infrastructures sont accessible aux personnes handicap\u00e9s.<\/p>\n<p><span style=\"text-decoration: underline;\"><strong>Le club est labellis\u00e9 pour accueillir les personnes porteuse de handicap.<\/strong><\/span><\/p>\n<p>Salle St Ghislain : un mur de tir de 12 cibles+ 5 cibles mobiles<\/p>\n<p>terrain ext\u00e9rieur: 2 double cibles avec pas de tir a 18m prot\u00e9g\u00e9<\/p>\n<p>1 cible fixe&nbsp;30m.<\/p>\n<p>5 cibles fixe 50,70,90m.<\/p>\n<p>16 cibles mobiles.<\/p>\n<p style=\"text-align: left;\">parcours de&nbsp;21 cibles natures.<\/p>\n<p style=\"text-align: left;\">&nbsp;<\/p>\n","protected":false},"excerpt":{"rendered":"<p>Entra\u00eenements en ext\u00e9rieur : saison 2021-2022 Lundi: 18h00 \u00e0 20h00 Mercredi :18h00 \u00e0 20h00 archers confirm\u00e9s Vendredi : 18h00 \u00e0 20h00 exclusivement r\u00e9serv\u00e9 aux comp\u00e9titeurs Samedi : 10h00 \u00e0 12h00 tous public Horaires pour les entrainements en salle (jusqu&#8217;\u00e0 avril environ) Lundi: 18h00 \u00e0 19h45 d\u00e9butants, 19h45 \u00e0 22h00 archers confirm\u00e9s Mercredi :19h30 \u00e0 22h00 archers confirm\u00e9s Vendredi : 20h00 \u00e0 22h00 exclusivement r\u00e9serv\u00e9 aux comp\u00e9titeurs Samedi : 10h00 \u00e0 12h00 tous public Moyens mis a disposition Toutes nos infrastructures&#8230;<\/p>\n<p class=\"read-more\"><a class=\"btn btn-default\" href=\"https:\/\/arcclubsaintlois.fr\/index.php\/le-club\/pratique\/\"> Read More<span class=\"screen-reader-text\">  Read More<\/span><\/a><\/p>\n","protected":false},"author":1,"featured_media":0,"parent":489,"menu_order":0,"comment_status":"closed","ping_status":"open","template":"","meta":{"ngg_post_thumbnail":0,"footnotes":""},"class_list":["post-66","page","type-page","status-publish","hentry"],"yoast_head":"<!-- This site is optimized with the Yoast SEO plugin v19.6.1 - https:\/\/yoast.com\/wordpress\/plugins\/seo\/ -->\n<title>Pratique - Arc Club Saint-Lois<\/title>\n<meta name=\"robots\" content=\"index, follow, max-snippet:-1, max-image-preview:large, max-video-preview:-1\" \/>\n<link rel=\"canonical\" href=\"https:\/\/arcclubsaintlois.fr\/index.php\/le-club\/pratique\/\" \/>\n<meta property=\"og:locale\" content=\"en_US\" \/>\n<meta property=\"og:type\" content=\"article\" \/>\n<meta property=\"og:title\" content=\"Pratique - Arc Club Saint-Lois\" \/>\n<meta property=\"og:description\" content=\"Entra\u00eenements en ext\u00e9rieur : saison 2021-2022 Lundi: 18h00 \u00e0 20h00 Mercredi :18h00 \u00e0 20h00 archers confirm\u00e9s Vendredi : 18h00 \u00e0 20h00 exclusivement r\u00e9serv\u00e9 aux comp\u00e9titeurs Samedi : 10h00 \u00e0 12h00 tous public Horaires pour les entrainements en salle (jusqu&#8217;\u00e0 avril environ) Lundi: 18h00 \u00e0 19h45 d\u00e9butants, 19h45 \u00e0 22h00 archers confirm\u00e9s Mercredi :19h30 \u00e0 22h00 archers confirm\u00e9s Vendredi : 20h00 \u00e0 22h00 exclusivement r\u00e9serv\u00e9 aux comp\u00e9titeurs Samedi : 10h00 \u00e0 12h00 tous public Moyens mis a disposition Toutes nos infrastructures... Read More Read More\" \/>\n<meta property=\"og:url\" content=\"https:\/\/arcclubsaintlois.fr\/index.php\/le-club\/pratique\/\" \/>\n<meta property=\"og:site_name\" content=\"Arc Club Saint-Lois\" \/>\n<meta property=\"article:modified_time\" content=\"2022-05-11T09:35:49+00:00\" \/>\n<meta name=\"twitter:card\" content=\"summary_large_image\" \/>\n<meta name=\"twitter:label1\" content=\"Est. reading time\" \/>\n\t<meta name=\"twitter:data1\" content=\"1 minute\" \/>\n<script type=\"application\/ld+json\" class=\"yoast-schema-graph\">{\"@context\":\"https:\/\/schema.org\",\"@graph\":[{\"@type\":\"WebPage\",\"@id\":\"https:\/\/arcclubsaintlois.fr\/index.php\/le-club\/pratique\/\",\"url\":\"https:\/\/arcclubsaintlois.fr\/index.php\/le-club\/pratique\/\",\"name\":\"Pratique - Arc Club Saint-Lois\",\"isPartOf\":{\"@id\":\"https:\/\/arcclubsaintlois.fr\/#website\"},\"datePublished\":\"2010-02-12T21:01:00+00:00\",\"dateModified\":\"2022-05-11T09:35:49+00:00\",\"breadcrumb\":{\"@id\":\"https:\/\/arcclubsaintlois.fr\/index.php\/le-club\/pratique\/#breadcrumb\"},\"inLanguage\":\"en-US\",\"potentialAction\":[{\"@type\":\"ReadAction\",\"target\":[\"https:\/\/arcclubsaintlois.fr\/index.php\/le-club\/pratique\/\"]}]},{\"@type\":\"BreadcrumbList\",\"@id\":\"https:\/\/arcclubsaintlois.fr\/index.php\/le-club\/pratique\/#breadcrumb\",\"itemListElement\":[{\"@type\":\"ListItem\",\"position\":1,\"name\":\"Accueil\",\"item\":\"https:\/\/arcclubsaintlois.fr\/\"},{\"@type\":\"ListItem\",\"position\":2,\"name\":\"Le club\",\"item\":\"https:\/\/arcclubsaintlois.fr\/index.php\/le-club\/\"},{\"@type\":\"ListItem\",\"position\":3,\"name\":\"Pratique\"}]},{\"@type\":\"WebSite\",\"@id\":\"https:\/\/arcclubsaintlois.fr\/#website\",\"url\":\"https:\/\/arcclubsaintlois.fr\/\",\"name\":\"Arc Club Saint-Lois\",\"description\":\"Le tir \u00e0 l&#039;arc sur St L\u00f4 pour tous\",\"potentialAction\":[{\"@type\":\"SearchAction\",\"target\":{\"@type\":\"EntryPoint\",\"urlTemplate\":\"https:\/\/arcclubsaintlois.fr\/?s={search_term_string}\"},\"query-input\":\"required name=search_term_string\"}],\"inLanguage\":\"en-US\"}]}<\/script>\n<!-- \/ Yoast SEO plugin. -->","yoast_head_json":{"title":"Pratique - Arc Club Saint-Lois","robots":{"index":"index","follow":"follow","max-snippet":"max-snippet:-1","max-image-preview":"max-image-preview:large","max-video-preview":"max-video-preview:-1"},"canonical":"https:\/\/arcclubsaintlois.fr\/index.php\/le-club\/pratique\/","og_locale":"en_US","og_type":"article","og_title":"Pratique - Arc Club Saint-Lois","og_description":"Entra\u00eenements en ext\u00e9rieur : saison 2021-2022 Lundi: 18h00 \u00e0 20h00 Mercredi :18h00 \u00e0 20h00 archers confirm\u00e9s Vendredi : 18h00 \u00e0 20h00 exclusivement r\u00e9serv\u00e9 aux comp\u00e9titeurs Samedi : 10h00 \u00e0 12h00 tous public Horaires pour les entrainements en salle (jusqu&#8217;\u00e0 avril environ) Lundi: 18h00 \u00e0 19h45 d\u00e9butants, 19h45 \u00e0 22h00 archers confirm\u00e9s Mercredi :19h30 \u00e0 22h00 archers confirm\u00e9s Vendredi : 20h00 \u00e0 22h00 exclusivement r\u00e9serv\u00e9 aux comp\u00e9titeurs Samedi : 10h00 \u00e0 12h00 tous public Moyens mis a disposition Toutes nos infrastructures... Read More Read More","og_url":"https:\/\/arcclubsaintlois.fr\/index.php\/le-club\/pratique\/","og_site_name":"Arc Club Saint-Lois","article_modified_time":"2022-05-11T09:35:49+00:00","twitter_card":"summary_large_image","twitter_misc":{"Est. reading time":"1 minute"},"schema":{"@context":"https:\/\/schema.org","@graph":[{"@type":"WebPage","@id":"https:\/\/arcclubsaintlois.fr\/index.php\/le-club\/pratique\/","url":"https:\/\/arcclubsaintlois.fr\/index.php\/le-club\/pratique\/","name":"Pratique - Arc Club Saint-Lois","isPartOf":{"@id":"https:\/\/arcclubsaintlois.fr\/#website"},"datePublished":"2010-02-12T21:01:00+00:00","dateModified":"2022-05-11T09:35:49+00:00","breadcrumb":{"@id":"https:\/\/arcclubsaintlois.fr\/index.php\/le-club\/pratique\/#breadcrumb"},"inLanguage":"en-US","potentialAction":[{"@type":"ReadAction","target":["https:\/\/arcclubsaintlois.fr\/index.php\/le-club\/pratique\/"]}]},{"@type":"BreadcrumbList","@id":"https:\/\/arcclubsaintlois.fr\/index.php\/le-club\/pratique\/#breadcrumb","itemListElement":[{"@type":"ListItem","position":1,"name":"Accueil","item":"https:\/\/arcclubsaintlois.fr\/"},{"@type":"ListItem","position":2,"name":"Le club","item":"https:\/\/arcclubsaintlois.fr\/index.php\/le-club\/"},{"@type":"ListItem","position":3,"name":"Pratique"}]},{"@type":"WebSite","@id":"https:\/\/arcclubsaintlois.fr\/#website","url":"https:\/\/arcclubsaintlois.fr\/","name":"Arc Club Saint-Lois","description":"Le tir \u00e0 l&#039;arc sur St L\u00f4 pour tous","potentialAction":[{"@type":"SearchAction","target":{"@type":"EntryPoint","urlTemplate":"https:\/\/arcclubsaintlois.fr\/?s={search_term_string}"},"query-input":"required name=search_term_string"}],"inLanguage":"en-US"}]}},"_links":{"self":[{"href":"https:\/\/arcclubsaintlois.fr\/index.php\/wp-json\/wp\/v2\/pages\/66","targetHints":{"allow":["GET"]}}],"collection":[{"href":"https:\/\/arcclubsaintlois.fr\/index.php\/wp-json\/wp\/v2\/pages"}],"about":[{"href":"https:\/\/arcclubsaintlois.fr\/index.php\/wp-json\/wp\/v2\/types\/page"}],"author":[{"embeddable":true,"href":"https:\/\/arcclubsaintlois.fr\/index.php\/wp-json\/wp\/v2\/users\/1"}],"replies":[{"embeddable":true,"href":"https:\/\/arcclubsaintlois.fr\/index.php\/wp-json\/wp\/v2\/comments?post=66"}],"version-history":[{"count":3,"href":"https:\/\/arcclubsaintlois.fr\/index.php\/wp-json\/wp\/v2\/pages\/66\/revisions"}],"predecessor-version":[{"id":8891,"href":"https:\/\/arcclubsaintlois.fr\/index.php\/wp-json\/wp\/v2\/pages\/66\/revisions\/8891"}],"up":[{"embeddable":true,"href":"https:\/\/arcclubsaintlois.fr\/index.php\/wp-json\/wp\/v2\/pages\/489"}],"wp:attachment":[{"href":"https:\/\/arcclubsaintlois.fr\/index.php\/wp-json\/wp\/v2\/media?parent=66"}],"curies":[{"name":"wp","href":"https:\/\/api.w.org\/{rel}","templated":true}]}}