{"id":6239,"date":"2016-08-22T22:12:33","date_gmt":"2016-08-22T21:12:33","guid":{"rendered":"http:\/\/www.arcclubsaintlois.fr\/?page_id=6239"},"modified":"2024-08-03T23:01:31","modified_gmt":"2024-08-03T21:01:31","slug":"inscription","status":"publish","type":"page","link":"https:\/\/arcclubsaintlois.fr\/index.php\/inscription\/","title":{"rendered":"Inscription"},"content":{"rendered":"<p>Les inscriptions sont possible toute l&#8217;ann\u00e9e,<\/p>\n<p>Dans l&#8217;optique de prendre une licence ensuite vous pouvez venir essayer la pratique du tir \u00e0 l&#8217;arc gratuitement pendant 3 s\u00e9ances<\/p>\n<p>Nous vous accueillerons \u00e0 tous les entrainements avec plaisir pour vous apporter tous les renseignements que vous pourriez souhaiter avoir.<\/p>\n<p>&nbsp;<\/p>\n<p>Vous trouverez le dossier d&#8217;inscription sur le lien ci-dessous<\/p>\n\n\n<div data-wp-interactive=\"core\/file\" class=\"wp-block-file\"><object data-wp-bind--hidden=\"!state.hasPdfPreview\" hidden class=\"wp-block-file__embed\" data=\"https:\/\/arcclubsaintlois.fr\/wp-content\/uploads\/2024\/08\/Inscriptions-2024-2025.pdf\" type=\"application\/pdf\" style=\"width:100%;height:600px\" aria-label=\"Embed of Inscriptions 2024-2025.\"><\/object><a id=\"wp-block-file--media-db89d452-4631-4e5a-b495-60d6b185fb5a\" href=\"https:\/\/arcclubsaintlois.fr\/wp-content\/uploads\/2024\/08\/Inscriptions-2024-2025.pdf\">Inscriptions 2024-2025<\/a><a href=\"https:\/\/arcclubsaintlois.fr\/wp-content\/uploads\/2024\/08\/Inscriptions-2024-2025.pdf\" class=\"wp-block-file__button wp-element-button\" download aria-describedby=\"wp-block-file--media-db89d452-4631-4e5a-b495-60d6b185fb5a\">Download<\/a><\/div>\n","protected":false},"excerpt":{"rendered":"<p>Les inscriptions sont possible toute l&#8217;ann\u00e9e, Dans l&#8217;optique de prendre une licence ensuite vous pouvez venir essayer la pratique du tir \u00e0 l&#8217;arc gratuitement pendant 3 s\u00e9ances Nous vous accueillerons \u00e0 tous les entrainements avec plaisir pour vous apporter tous les renseignements que vous pourriez souhaiter avoir. &nbsp; Vous trouverez le dossier d&#8217;inscription sur le lien ci-dessous<\/p>\n","protected":false},"author":7,"featured_media":0,"parent":0,"menu_order":0,"comment_status":"closed","ping_status":"closed","template":"","meta":{"ngg_post_thumbnail":0,"footnotes":""},"class_list":["post-6239","page","type-page","status-publish","hentry"],"yoast_head":"<!-- This site is optimized with the Yoast SEO plugin v19.6.1 - https:\/\/yoast.com\/wordpress\/plugins\/seo\/ -->\n<title>Inscription - Arc Club Saint-Lois<\/title>\n<meta name=\"robots\" content=\"index, follow, max-snippet:-1, max-image-preview:large, max-video-preview:-1\" \/>\n<link rel=\"canonical\" href=\"https:\/\/arcclubsaintlois.fr\/index.php\/inscription\/\" \/>\n<meta property=\"og:locale\" content=\"en_US\" \/>\n<meta property=\"og:type\" content=\"article\" \/>\n<meta property=\"og:title\" content=\"Inscription - Arc Club Saint-Lois\" \/>\n<meta property=\"og:description\" content=\"Les inscriptions sont possible toute l&#8217;ann\u00e9e, Dans l&#8217;optique de prendre une licence ensuite vous pouvez venir essayer la pratique du tir \u00e0 l&#8217;arc gratuitement pendant 3 s\u00e9ances Nous vous accueillerons \u00e0 tous les entrainements avec plaisir pour vous apporter tous les renseignements que vous pourriez souhaiter avoir. &nbsp; Vous trouverez le dossier d&#8217;inscription sur le lien ci-dessous\" \/>\n<meta property=\"og:url\" content=\"https:\/\/arcclubsaintlois.fr\/index.php\/inscription\/\" \/>\n<meta property=\"og:site_name\" content=\"Arc Club Saint-Lois\" \/>\n<meta property=\"article:modified_time\" content=\"2024-08-03T21:01:31+00:00\" \/>\n<meta name=\"twitter:card\" content=\"summary_large_image\" \/>\n<meta name=\"twitter:label1\" content=\"Est. reading time\" \/>\n\t<meta name=\"twitter:data1\" content=\"1 minute\" \/>\n<script type=\"application\/ld+json\" class=\"yoast-schema-graph\">{\"@context\":\"https:\/\/schema.org\",\"@graph\":[{\"@type\":\"WebPage\",\"@id\":\"https:\/\/arcclubsaintlois.fr\/index.php\/inscription\/\",\"url\":\"https:\/\/arcclubsaintlois.fr\/index.php\/inscription\/\",\"name\":\"Inscription - Arc Club Saint-Lois\",\"isPartOf\":{\"@id\":\"https:\/\/arcclubsaintlois.fr\/#website\"},\"datePublished\":\"2016-08-22T21:12:33+00:00\",\"dateModified\":\"2024-08-03T21:01:31+00:00\",\"breadcrumb\":{\"@id\":\"https:\/\/arcclubsaintlois.fr\/index.php\/inscription\/#breadcrumb\"},\"inLanguage\":\"en-US\",\"potentialAction\":[{\"@type\":\"ReadAction\",\"target\":[\"https:\/\/arcclubsaintlois.fr\/index.php\/inscription\/\"]}]},{\"@type\":\"BreadcrumbList\",\"@id\":\"https:\/\/arcclubsaintlois.fr\/index.php\/inscription\/#breadcrumb\",\"itemListElement\":[{\"@type\":\"ListItem\",\"position\":1,\"name\":\"Accueil\",\"item\":\"https:\/\/arcclubsaintlois.fr\/\"},{\"@type\":\"ListItem\",\"position\":2,\"name\":\"Inscription\"}]},{\"@type\":\"WebSite\",\"@id\":\"https:\/\/arcclubsaintlois.fr\/#website\",\"url\":\"https:\/\/arcclubsaintlois.fr\/\",\"name\":\"Arc Club Saint-Lois\",\"description\":\"Le tir \u00e0 l&#039;arc sur St L\u00f4 pour tous\",\"potentialAction\":[{\"@type\":\"SearchAction\",\"target\":{\"@type\":\"EntryPoint\",\"urlTemplate\":\"https:\/\/arcclubsaintlois.fr\/?s={search_term_string}\"},\"query-input\":\"required name=search_term_string\"}],\"inLanguage\":\"en-US\"}]}<\/script>\n<!-- \/ Yoast SEO plugin. -->","yoast_head_json":{"title":"Inscription - Arc Club Saint-Lois","robots":{"index":"index","follow":"follow","max-snippet":"max-snippet:-1","max-image-preview":"max-image-preview:large","max-video-preview":"max-video-preview:-1"},"canonical":"https:\/\/arcclubsaintlois.fr\/index.php\/inscription\/","og_locale":"en_US","og_type":"article","og_title":"Inscription - Arc Club Saint-Lois","og_description":"Les inscriptions sont possible toute l&#8217;ann\u00e9e, Dans l&#8217;optique de prendre une licence ensuite vous pouvez venir essayer la pratique du tir \u00e0 l&#8217;arc gratuitement pendant 3 s\u00e9ances Nous vous accueillerons \u00e0 tous les entrainements avec plaisir pour vous apporter tous les renseignements que vous pourriez souhaiter avoir. &nbsp; Vous trouverez le dossier d&#8217;inscription sur le lien ci-dessous","og_url":"https:\/\/arcclubsaintlois.fr\/index.php\/inscription\/","og_site_name":"Arc Club Saint-Lois","article_modified_time":"2024-08-03T21:01:31+00:00","twitter_card":"summary_large_image","twitter_misc":{"Est. reading time":"1 minute"},"schema":{"@context":"https:\/\/schema.org","@graph":[{"@type":"WebPage","@id":"https:\/\/arcclubsaintlois.fr\/index.php\/inscription\/","url":"https:\/\/arcclubsaintlois.fr\/index.php\/inscription\/","name":"Inscription - Arc Club Saint-Lois","isPartOf":{"@id":"https:\/\/arcclubsaintlois.fr\/#website"},"datePublished":"2016-08-22T21:12:33+00:00","dateModified":"2024-08-03T21:01:31+00:00","breadcrumb":{"@id":"https:\/\/arcclubsaintlois.fr\/index.php\/inscription\/#breadcrumb"},"inLanguage":"en-US","potentialAction":[{"@type":"ReadAction","target":["https:\/\/arcclubsaintlois.fr\/index.php\/inscription\/"]}]},{"@type":"BreadcrumbList","@id":"https:\/\/arcclubsaintlois.fr\/index.php\/inscription\/#breadcrumb","itemListElement":[{"@type":"ListItem","position":1,"name":"Accueil","item":"https:\/\/arcclubsaintlois.fr\/"},{"@type":"ListItem","position":2,"name":"Inscription"}]},{"@type":"WebSite","@id":"https:\/\/arcclubsaintlois.fr\/#website","url":"https:\/\/arcclubsaintlois.fr\/","name":"Arc Club Saint-Lois","description":"Le tir \u00e0 l&#039;arc sur St L\u00f4 pour tous","potentialAction":[{"@type":"SearchAction","target":{"@type":"EntryPoint","urlTemplate":"https:\/\/arcclubsaintlois.fr\/?s={search_term_string}"},"query-input":"required name=search_term_string"}],"inLanguage":"en-US"}]}},"_links":{"self":[{"href":"https:\/\/arcclubsaintlois.fr\/index.php\/wp-json\/wp\/v2\/pages\/6239","targetHints":{"allow":["GET"]}}],"collection":[{"href":"https:\/\/arcclubsaintlois.fr\/index.php\/wp-json\/wp\/v2\/pages"}],"about":[{"href":"https:\/\/arcclubsaintlois.fr\/index.php\/wp-json\/wp\/v2\/types\/page"}],"author":[{"embeddable":true,"href":"https:\/\/arcclubsaintlois.fr\/index.php\/wp-json\/wp\/v2\/users\/7"}],"replies":[{"embeddable":true,"href":"https:\/\/arcclubsaintlois.fr\/index.php\/wp-json\/wp\/v2\/comments?post=6239"}],"version-history":[{"count":4,"href":"https:\/\/arcclubsaintlois.fr\/index.php\/wp-json\/wp\/v2\/pages\/6239\/revisions"}],"predecessor-version":[{"id":9323,"href":"https:\/\/arcclubsaintlois.fr\/index.php\/wp-json\/wp\/v2\/pages\/6239\/revisions\/9323"}],"wp:attachment":[{"href":"https:\/\/arcclubsaintlois.fr\/index.php\/wp-json\/wp\/v2\/media?parent=6239"}],"curies":[{"name":"wp","href":"https:\/\/api.w.org\/{rel}","templated":true}]}}