{"id":489,"date":"2010-08-10T13:28:43","date_gmt":"2010-08-10T12:28:43","guid":{"rendered":"http:\/\/www.arcclubsaintlois.fr\/?page_id=489"},"modified":"2022-05-11T11:42:53","modified_gmt":"2022-05-11T09:42:53","slug":"le-club","status":"publish","type":"page","link":"https:\/\/arcclubsaintlois.fr\/index.php\/le-club\/","title":{"rendered":"Le club"},"content":{"rendered":"<h2>Pr\u00e9sentation du Club<\/h2>\n<h3>Le club<\/h3>\n<p>Nom : <strong>Arc club Saint Lois<\/strong><\/p>\n<p>Ann\u00e9e de cr\u00e9ation : <strong>1977<\/strong><\/p>\n<p>N\u00b0 affiliation FFTA : <strong>0950069 (Comit\u00e9 R\u00e9gional de Normandie)<\/strong><\/p>\n<p>N\u00b0 Association loi 1901 : <strong>05004ET0018 (Pr\u00e9fecture de la manche)<\/strong><\/p>\n<p>N\u00b0 DDJS : <strong>05006ET006<\/strong><\/p>\n<p>Si\u00e8ge social : <strong>Mairie 50000 Saint-L\u00f4<\/strong><\/p>\n<p>Site Internet : <strong>http:\/\/www.arcclubsaintlois.fr<\/strong><\/p>\n<p>Courriel : <strong>president@arcclubsaintlois.fr<\/strong><\/p>\n<p>Tel. : <strong>06.51.89.54.12<\/strong><\/p>\n<h3>Historique du club<\/h3>\n<p><strong>L\u2019arc Club Saint lois (ACSL),<\/strong><\/p>\n<p>Club de tir \u00e0 l\u2019arc de la manche, est une association \u00ab loi 1901 \u00bb affili\u00e9e \u00e0 la F\u00e9d\u00e9ration Fran\u00e7aise de tir \u00e0 l\u2019Arc (FFTA).<\/p>\n<p>La cr\u00e9ation du club remonte \u00e0 1977 par, entre autres, M Jacques LAPITIE<br \/>\nDepuis 6 pr\u00e9sident(e)s se sont succ\u00e9d\u00e9 \u00e0 la t\u00eate du club.<\/p>\n<p>Depuis sa cr\u00e9ation, le club c\u2019est principalement ax\u00e9 sur les disciplines de parcours, et plus particuli\u00e8rement sur le Tir Nature.<\/p>\n<p>Aujourd\u2019hui, les adh\u00e9rents du club peuvent pratiquer toutes les disciplines du Tir \u00e0 l\u2019Arc.<\/p>\n<p>En 2009, le club a \u00e9t\u00e9 lab\u00e9lis\u00e9 <strong>\u00ab Handisport \u00bb<\/strong> dans le cadre de l\u2019action \u00ab handicap\u00e9s et valides pour un sport ensemble \u00bb. Il a re\u00e7u de part ces actions men\u00e9 aupr\u00e8s des personnes porteuses de handicaps le <strong>troph\u00e9e 2009<\/strong> <strong>du comit\u00e9 de la Manche des m\u00e9daill\u00e9s de la Jeunesse et des sports<\/strong>.<\/p>\n<p>En 2010, M. Lanon dirigeant du club a re\u00e7u du pr\u00e9sident de la ligue de Normandie une m\u00e9daille ainsi qu\u2019un dipl\u00f4me, pour sa contribution au d\u00e9veloppement de cette discipline.<\/p>\n<p>2011: Le club re\u00e7oit le label de bronze de la FFTA, ce label est attribu\u00e9 pour les ann\u00e9es 2012 et 2013.<\/p>\n<p>2012 : Vendredi 20 janvier la ville de Saint L\u00f4 a organis\u00e9 le troph\u00e9e des sportifs 2011. Jean Bernard LANON, pr\u00e9sident du club \u00e0 \u00e9t\u00e9 nomin\u00e9 pour son action en faveur de l\u2019int\u00e9gration des handicap\u00e9s \u00e0 la pratique du tir \u00e0 l\u2019arc au sein du club de St L\u00f4, et du comit\u00e9 d\u00e9partemental de tir \u00e0 l\u2019arc.<\/p>\n<p>2012: Le club re\u00e7oit le label de Argent de la FFTA, ce label est attribu\u00e9 pour les ann\u00e9es 2013 et 2014.<\/p>\n<p>2012: Le club a organis\u00e9 le championnat de Ligue de tir nature.<\/p>\n<p>2012: une section tir \u00e0 l&#8217;arc \u00e0 l&#8217;\u00e9cole a \u00e9t\u00e9 cr\u00e9e au sein du coll\u00e8ge INTERPAROISSIAL de St L\u00f4.<\/p>\n<p>2013: Le championnat d\u00e9partemental de tir en salle sera organis\u00e9 \u00e0 Saint L\u00f4 par l&#8217;ACSL les 2 et 3 f\u00e9vrier<\/p>\n<p>2014: Renouvellement du label d&#8217;Argent pour les ann\u00e9es 2015 et 2016.<\/p>\n<p>2015: Le club a organis\u00e9 le premier championnat d\u00e9partemental salle pour les jeunes.<\/p>\n<p>Organisation de son premier concours &nbsp;3D.<\/p>\n<p>2016: Le club est confirm\u00e9 pour le label Argent 2016\/2017, il re\u00e7oit le label citoyen du sport avec 2 \u00e9toiles.<\/p>\n<p>2017: 3 \u00e9toiles au label citoyen du sport.<\/p>\n<p>2020\/2021 : pendant la p\u00e9riode de Covid, maintien au maximum des entrainements par le passage en ext\u00e9rieur d\u00e8s le mois de janvier sur un double cr\u00e9neau le samedi.<\/p>\n<h3>Fonctionnement du Club<\/h3>\n<p>L\u2019association est compos\u00e9e :.<\/p>\n<p>Pour l\u2019ann\u00e9e sportive en cours au 17\/10\/21, &nbsp;de 49 adh\u00e9rents.<\/p>\n<p>Le club met \u00e0 la disposition de ces adh\u00e9rents des locaux et le mat\u00e9riel n\u00e9cessaire \u00e0 la pratique du Tir \u00e0 l\u2019Arc.<\/p>\n<ul>\n<li>Tir en salle (salle Saint Ghislain rue de l\u2019Exode \u00e0 Saint-L\u00f4),<\/li>\n<li>Tir en ext\u00e9rieur gr\u00e2ce au terrain situ\u00e9 rue Valvire.<\/li>\n<\/ul>\n<p>L\u2019ACSL assure la <strong>formation des d\u00e9butants<\/strong>, jeunes comme adultes ainsi que le <strong>perfectionnement des Archers confirm\u00e9s<\/strong>.<\/p>\n<p>L\u2019encadrement technique et p\u00e9dagogique est assur\u00e9 par des entra\u00eeneurs brevet\u00e9s F\u00e9d\u00e9raux.<\/p>\n<p>Le club est compos\u00e9 pour l\u2019encadrement :<\/p>\n<ul>\n<li>1 entraineurs<\/li>\n<li>3 assistants entra\u00eeneurs<\/li>\n<li>2 arbitres<\/li>\n<\/ul>\n<p>D\u00e8s l\u2019\u00e2ge de 9 ans, les jeunes peuvent s\u2019inscrire et suivre l\u2019entrainement du club.<\/p>\n<p><em>Les membres du bureau du Club se tiennent \u00e0 votre disposition pour vous fournir tous les renseignements compl\u00e9mentaires.<\/em><\/p>\n<h3>Le Comit\u00e9 Directeur<\/h3>\n<p>Suite \u00e0 l\u2019assembl\u00e9e g\u00e9n\u00e9rale qui s\u2019est tenu en octobre 2020, la composition du bureau du club est la suivante :<\/p>\n<ul>\n<li>Pr\u00e9sident : Gabin MASSON- president@arcclubsaintlois.fr<\/li>\n<li>Vice-pr\u00e9sident : Laurent NICOLLE<\/li>\n<li>Secr\u00e9taire g\u00e9n\u00e9ral: Gilles BERRE &#8211; secretariat@arcclubsaintlois.fr<\/li>\n<li>Tr\u00e9sorier :&nbsp;Jean Pierre MASSON&nbsp;&#8211; tresorier@arcclubsaintlois.fr<\/li>\n<li>Membres: Fabrice LECOCQ, Jean Bernard LANON, Maud POUILLY, Linda TROADEC, B\u00e9rang\u00e8re MARIE, Titouan BERREE<\/li>\n<\/ul>\n<div>Le Bureau est compos\u00e9 de: Gabin MASSON, Laurent NICOLLE, Jean Pierre MASSON, Gilles BERREE<\/div>\n<div dir=\"ltr\" data-canvas-width=\"179.0946720041037\" data-font-name=\"g_font_p0_2\">&nbsp;<\/div>\n<ul>\n<li>Commission comp\u00e9tition: Gabin pour le greffe.<\/li>\n<li>Commission communication: Gabin pour le site et la page Facebook<\/li>\n<li>Commission technique :&nbsp; Fabrice, Gabin, Jean Bernard et Laurent<\/li>\n<li>Commission intendance : Val\u00e9rie et Gabin<\/li>\n<li>Commission jeunes : Maud<\/li>\n<\/ul>\n<h3><strong>&nbsp;<\/strong><\/h3>\n<h3>Les Disciplines de l\u2019ACSL<\/h3>\n<ul>\n<li>Le tir en salle (salle Saint Ghislain rue de l\u2019Exode \u00e0 Saint l\u00f4).<\/li>\n<\/ul>\n<ul>\n<li>Le tir en ext\u00e9rieur gr\u00e2ce au terrain situ\u00e9 rue Valvire. Les adh\u00e9rents peuvent tirer \u00e0 30, 50,70, et 90 m\u00e8tres. donc s\u2019entra\u00eener pour le tir f\u00e9d\u00e9ral ainsi que le FITA. Un pas de tir prot\u00e9g\u00e9 pour tirer \u00e0 18 m, comportant 2 double cibles est disponible toute l\u2019ann\u00e9e.<\/li>\n<\/ul>\n<ul>\n<li>Jusqu\u2019\u00e0 fin avril les entra\u00eenements ont lieu \u00e0 la salle, et de mai \u00e0 septembre ils ont lieu au terrain.<\/li>\n<\/ul>\n<ul>\n<li>Pour les archers autonomes la pratique sur le terrain est possible toute l\u2019ann\u00e9e.<\/li>\n<\/ul>\n<ul>\n<li>Dans le bois jouxtant le terrain, un parcours de tir nature est am\u00e9nag\u00e9.<\/li>\n<\/ul>\n<h3>L\u2019association<\/h3>\n<p>Depuis 2009 l\u2019ACSL est accr\u00e9dit\u00e9 pour recevoir les personnes \u00e0 mobilit\u00e9 r\u00e9duite, les sourds muets, ainsi que les personnes ayant un handicap mental.<\/p>\n<p>Le club de Saint-L\u00f4 reste fid\u00e8le \u00e0 l\u2019esprit de ceux qui ont \u0153uvr\u00e9 dans le pass\u00e9 pour en faire un club \u00e9clectique, offrant \u00e0 ses membres la possibilit\u00e9 de pratiquer toutes les disciplines du tir \u00e0 l\u2019arc.<\/p>\n","protected":false},"excerpt":{"rendered":"<p>Pr\u00e9sentation du Club Le club Nom : Arc club Saint Lois Ann\u00e9e de cr\u00e9ation : 1977 N\u00b0 affiliation FFTA : 0950069 (Comit\u00e9 R\u00e9gional de Normandie) N\u00b0 Association loi 1901 : 05004ET0018 (Pr\u00e9fecture de la manche) N\u00b0 DDJS : 05006ET006 Si\u00e8ge social : Mairie 50000 Saint-L\u00f4 Site Internet : http:\/\/www.arcclubsaintlois.fr Courriel : president@arcclubsaintlois.fr Tel. : 06.51.89.54.12 Historique du club L\u2019arc Club Saint lois (ACSL), Club de tir \u00e0 l\u2019arc de la manche, est une association \u00ab loi 1901 \u00bb affili\u00e9e \u00e0&#8230;<\/p>\n<p class=\"read-more\"><a class=\"btn btn-default\" href=\"https:\/\/arcclubsaintlois.fr\/index.php\/le-club\/\"> Read More<span class=\"screen-reader-text\">  Read More<\/span><\/a><\/p>\n","protected":false},"author":1,"featured_media":0,"parent":0,"menu_order":0,"comment_status":"open","ping_status":"open","template":"","meta":{"ngg_post_thumbnail":0,"footnotes":""},"class_list":["post-489","page","type-page","status-publish","hentry"],"yoast_head":"<!-- This site is optimized with the Yoast SEO plugin v19.6.1 - https:\/\/yoast.com\/wordpress\/plugins\/seo\/ -->\n<title>Le club - Arc Club Saint-Lois<\/title>\n<meta name=\"robots\" content=\"index, follow, max-snippet:-1, max-image-preview:large, max-video-preview:-1\" \/>\n<link rel=\"canonical\" href=\"https:\/\/arcclubsaintlois.fr\/index.php\/le-club\/\" \/>\n<meta property=\"og:locale\" content=\"en_US\" \/>\n<meta property=\"og:type\" content=\"article\" \/>\n<meta property=\"og:title\" content=\"Le club - Arc Club Saint-Lois\" \/>\n<meta property=\"og:description\" content=\"Pr\u00e9sentation du Club Le club Nom : Arc club Saint Lois Ann\u00e9e de cr\u00e9ation : 1977 N\u00b0 affiliation FFTA : 0950069 (Comit\u00e9 R\u00e9gional de Normandie) N\u00b0 Association loi 1901 : 05004ET0018 (Pr\u00e9fecture de la manche) N\u00b0 DDJS : 05006ET006 Si\u00e8ge social : Mairie 50000 Saint-L\u00f4 Site Internet : http:\/\/www.arcclubsaintlois.fr Courriel : president@arcclubsaintlois.fr Tel. : 06.51.89.54.12 Historique du club L\u2019arc Club Saint lois (ACSL), Club de tir \u00e0 l\u2019arc de la manche, est une association \u00ab loi 1901 \u00bb affili\u00e9e \u00e0... Read More Read More\" \/>\n<meta property=\"og:url\" content=\"https:\/\/arcclubsaintlois.fr\/index.php\/le-club\/\" \/>\n<meta property=\"og:site_name\" content=\"Arc Club Saint-Lois\" \/>\n<meta property=\"article:modified_time\" content=\"2022-05-11T09:42:53+00:00\" \/>\n<meta name=\"twitter:card\" content=\"summary_large_image\" \/>\n<meta name=\"twitter:label1\" content=\"Est. reading time\" \/>\n\t<meta name=\"twitter:data1\" content=\"5 minutes\" \/>\n<script type=\"application\/ld+json\" class=\"yoast-schema-graph\">{\"@context\":\"https:\/\/schema.org\",\"@graph\":[{\"@type\":\"WebPage\",\"@id\":\"https:\/\/arcclubsaintlois.fr\/index.php\/le-club\/\",\"url\":\"https:\/\/arcclubsaintlois.fr\/index.php\/le-club\/\",\"name\":\"Le club - Arc Club Saint-Lois\",\"isPartOf\":{\"@id\":\"https:\/\/arcclubsaintlois.fr\/#website\"},\"datePublished\":\"2010-08-10T12:28:43+00:00\",\"dateModified\":\"2022-05-11T09:42:53+00:00\",\"breadcrumb\":{\"@id\":\"https:\/\/arcclubsaintlois.fr\/index.php\/le-club\/#breadcrumb\"},\"inLanguage\":\"en-US\",\"potentialAction\":[{\"@type\":\"ReadAction\",\"target\":[\"https:\/\/arcclubsaintlois.fr\/index.php\/le-club\/\"]}]},{\"@type\":\"BreadcrumbList\",\"@id\":\"https:\/\/arcclubsaintlois.fr\/index.php\/le-club\/#breadcrumb\",\"itemListElement\":[{\"@type\":\"ListItem\",\"position\":1,\"name\":\"Accueil\",\"item\":\"https:\/\/arcclubsaintlois.fr\/\"},{\"@type\":\"ListItem\",\"position\":2,\"name\":\"Le club\"}]},{\"@type\":\"WebSite\",\"@id\":\"https:\/\/arcclubsaintlois.fr\/#website\",\"url\":\"https:\/\/arcclubsaintlois.fr\/\",\"name\":\"Arc Club Saint-Lois\",\"description\":\"Le tir \u00e0 l&#039;arc sur St L\u00f4 pour tous\",\"potentialAction\":[{\"@type\":\"SearchAction\",\"target\":{\"@type\":\"EntryPoint\",\"urlTemplate\":\"https:\/\/arcclubsaintlois.fr\/?s={search_term_string}\"},\"query-input\":\"required name=search_term_string\"}],\"inLanguage\":\"en-US\"}]}<\/script>\n<!-- \/ Yoast SEO plugin. -->","yoast_head_json":{"title":"Le club - Arc Club Saint-Lois","robots":{"index":"index","follow":"follow","max-snippet":"max-snippet:-1","max-image-preview":"max-image-preview:large","max-video-preview":"max-video-preview:-1"},"canonical":"https:\/\/arcclubsaintlois.fr\/index.php\/le-club\/","og_locale":"en_US","og_type":"article","og_title":"Le club - Arc Club Saint-Lois","og_description":"Pr\u00e9sentation du Club Le club Nom : Arc club Saint Lois Ann\u00e9e de cr\u00e9ation : 1977 N\u00b0 affiliation FFTA : 0950069 (Comit\u00e9 R\u00e9gional de Normandie) N\u00b0 Association loi 1901 : 05004ET0018 (Pr\u00e9fecture de la manche) N\u00b0 DDJS : 05006ET006 Si\u00e8ge social : Mairie 50000 Saint-L\u00f4 Site Internet : http:\/\/www.arcclubsaintlois.fr Courriel : president@arcclubsaintlois.fr Tel. : 06.51.89.54.12 Historique du club L\u2019arc Club Saint lois (ACSL), Club de tir \u00e0 l\u2019arc de la manche, est une association \u00ab loi 1901 \u00bb affili\u00e9e \u00e0... Read More Read More","og_url":"https:\/\/arcclubsaintlois.fr\/index.php\/le-club\/","og_site_name":"Arc Club Saint-Lois","article_modified_time":"2022-05-11T09:42:53+00:00","twitter_card":"summary_large_image","twitter_misc":{"Est. reading time":"5 minutes"},"schema":{"@context":"https:\/\/schema.org","@graph":[{"@type":"WebPage","@id":"https:\/\/arcclubsaintlois.fr\/index.php\/le-club\/","url":"https:\/\/arcclubsaintlois.fr\/index.php\/le-club\/","name":"Le club - Arc Club Saint-Lois","isPartOf":{"@id":"https:\/\/arcclubsaintlois.fr\/#website"},"datePublished":"2010-08-10T12:28:43+00:00","dateModified":"2022-05-11T09:42:53+00:00","breadcrumb":{"@id":"https:\/\/arcclubsaintlois.fr\/index.php\/le-club\/#breadcrumb"},"inLanguage":"en-US","potentialAction":[{"@type":"ReadAction","target":["https:\/\/arcclubsaintlois.fr\/index.php\/le-club\/"]}]},{"@type":"BreadcrumbList","@id":"https:\/\/arcclubsaintlois.fr\/index.php\/le-club\/#breadcrumb","itemListElement":[{"@type":"ListItem","position":1,"name":"Accueil","item":"https:\/\/arcclubsaintlois.fr\/"},{"@type":"ListItem","position":2,"name":"Le club"}]},{"@type":"WebSite","@id":"https:\/\/arcclubsaintlois.fr\/#website","url":"https:\/\/arcclubsaintlois.fr\/","name":"Arc Club Saint-Lois","description":"Le tir \u00e0 l&#039;arc sur St L\u00f4 pour tous","potentialAction":[{"@type":"SearchAction","target":{"@type":"EntryPoint","urlTemplate":"https:\/\/arcclubsaintlois.fr\/?s={search_term_string}"},"query-input":"required name=search_term_string"}],"inLanguage":"en-US"}]}},"_links":{"self":[{"href":"https:\/\/arcclubsaintlois.fr\/index.php\/wp-json\/wp\/v2\/pages\/489","targetHints":{"allow":["GET"]}}],"collection":[{"href":"https:\/\/arcclubsaintlois.fr\/index.php\/wp-json\/wp\/v2\/pages"}],"about":[{"href":"https:\/\/arcclubsaintlois.fr\/index.php\/wp-json\/wp\/v2\/types\/page"}],"author":[{"embeddable":true,"href":"https:\/\/arcclubsaintlois.fr\/index.php\/wp-json\/wp\/v2\/users\/1"}],"replies":[{"embeddable":true,"href":"https:\/\/arcclubsaintlois.fr\/index.php\/wp-json\/wp\/v2\/comments?post=489"}],"version-history":[{"count":3,"href":"https:\/\/arcclubsaintlois.fr\/index.php\/wp-json\/wp\/v2\/pages\/489\/revisions"}],"predecessor-version":[{"id":8895,"href":"https:\/\/arcclubsaintlois.fr\/index.php\/wp-json\/wp\/v2\/pages\/489\/revisions\/8895"}],"wp:attachment":[{"href":"https:\/\/arcclubsaintlois.fr\/index.php\/wp-json\/wp\/v2\/media?parent=489"}],"curies":[{"name":"wp","href":"https:\/\/api.w.org\/{rel}","templated":true}]}}