{"id":2,"date":"2010-02-09T14:04:20","date_gmt":"2010-02-09T14:04:20","guid":{"rendered":"http:\/\/www.arcclubsaintlois.fr\/?page_id=2"},"modified":"2022-02-22T20:55:19","modified_gmt":"2022-02-22T19:55:19","slug":"a-propos","status":"publish","type":"page","link":"https:\/\/arcclubsaintlois.fr\/index.php\/a-propos\/","title":{"rendered":"Contacts"},"content":{"rendered":"<h1 style=\"text-align: center;\">Pour nous contacter:<\/h1>\n<p style=\"text-align: center;\"><strong>Tel<\/strong>: 06 51 89 54 12<\/p>\n<p style=\"text-align: center;\"><strong>Courrier<\/strong>: Arc Club Saint Lois<\/p>\n<p style=\"text-align: center;\">65 rue de la Fontaine<\/p>\n<p style=\"text-align: center;\">50000 Saint L\u00f4<\/p>\n<p style=\"text-align: center;\">president@arcclubsaintlois.fr<\/p>\n<address style=\"text-align: center;\">&nbsp;<\/address>\n<address style=\"text-align: center;\">\n<hr style=\"width: 200px;\" width=\"200\">\n<\/address>\n<address style=\"text-align: center;\">&nbsp;<\/address>\n<table style=\"width: 359px; height: 118px;\" frame=\"void\" border=\"0\" align=\"center\">\n<tbody>\n<tr align=\"center\">\n<td style=\"text-align: left;\"><strong>President<\/strong><\/td>\n<td style=\"text-align: left;\"><a href=\"mailto:president@arcclubsaintlois.fr\">president@arcclubsaintlois.fr<\/a><\/td>\n<\/tr>\n<tr>\n<td><strong>Tr\u00e9sorier<\/strong><\/td>\n<td><a href=\"mailto:tresorier@arcclubsaintlois.fr\">tresorier@arcclubsaintlois.fr<\/a><\/td>\n<\/tr>\n<tr>\n<td><strong>Comp\u00e9tition<\/strong><\/td>\n<td><a href=\"mailto:competition@arcclubsaintlois.fr\">competition@arcclubsaintlois.fr<\/a><\/td>\n<\/tr>\n<tr>\n<td><strong>Greffe<\/strong><\/td>\n<td><a href=\"mailto:greffe@arcclubsaintlois.fr\">greffe@arcclubsaintlois.fr<\/a><\/td>\n<\/tr>\n<\/tbody>\n<\/table>\n<p style=\"text-align: left;\">&nbsp;<\/p>\n","protected":false},"excerpt":{"rendered":"<p>Pour nous contacter: Tel: 06 51 89 54 12 Courrier: Arc Club Saint Lois 65 rue de la Fontaine 50000 Saint L\u00f4 president@arcclubsaintlois.fr &nbsp; &nbsp; President president@arcclubsaintlois.fr Tr\u00e9sorier tresorier@arcclubsaintlois.fr Comp\u00e9tition competition@arcclubsaintlois.fr Greffe greffe@arcclubsaintlois.fr &nbsp;<\/p>\n","protected":false},"author":1,"featured_media":0,"parent":0,"menu_order":5,"comment_status":"closed","ping_status":"open","template":"","meta":{"ngg_post_thumbnail":0,"footnotes":""},"class_list":["post-2","page","type-page","status-publish","hentry"],"yoast_head":"<!-- This site is optimized with the Yoast SEO plugin v19.6.1 - https:\/\/yoast.com\/wordpress\/plugins\/seo\/ -->\n<title>Contacts - Arc Club Saint-Lois<\/title>\n<meta name=\"robots\" content=\"index, follow, max-snippet:-1, max-image-preview:large, max-video-preview:-1\" \/>\n<link rel=\"canonical\" href=\"https:\/\/arcclubsaintlois.fr\/index.php\/a-propos\/\" \/>\n<meta property=\"og:locale\" content=\"en_US\" \/>\n<meta property=\"og:type\" content=\"article\" \/>\n<meta property=\"og:title\" content=\"Contacts - Arc Club Saint-Lois\" \/>\n<meta property=\"og:description\" content=\"Pour nous contacter: Tel: 06 51 89 54 12 Courrier: Arc Club Saint Lois 65 rue de la Fontaine 50000 Saint L\u00f4 president@arcclubsaintlois.fr &nbsp; &nbsp; President president@arcclubsaintlois.fr Tr\u00e9sorier tresorier@arcclubsaintlois.fr Comp\u00e9tition competition@arcclubsaintlois.fr Greffe greffe@arcclubsaintlois.fr &nbsp;\" \/>\n<meta property=\"og:url\" content=\"https:\/\/arcclubsaintlois.fr\/index.php\/a-propos\/\" \/>\n<meta property=\"og:site_name\" content=\"Arc Club Saint-Lois\" \/>\n<meta property=\"article:modified_time\" content=\"2022-02-22T19:55:19+00:00\" \/>\n<meta name=\"twitter:card\" content=\"summary_large_image\" \/>\n<meta name=\"twitter:label1\" content=\"Est. reading time\" \/>\n\t<meta name=\"twitter:data1\" content=\"1 minute\" \/>\n<script type=\"application\/ld+json\" class=\"yoast-schema-graph\">{\"@context\":\"https:\/\/schema.org\",\"@graph\":[{\"@type\":\"WebPage\",\"@id\":\"https:\/\/arcclubsaintlois.fr\/index.php\/a-propos\/\",\"url\":\"https:\/\/arcclubsaintlois.fr\/index.php\/a-propos\/\",\"name\":\"Contacts - Arc Club Saint-Lois\",\"isPartOf\":{\"@id\":\"https:\/\/arcclubsaintlois.fr\/#website\"},\"datePublished\":\"2010-02-09T14:04:20+00:00\",\"dateModified\":\"2022-02-22T19:55:19+00:00\",\"breadcrumb\":{\"@id\":\"https:\/\/arcclubsaintlois.fr\/index.php\/a-propos\/#breadcrumb\"},\"inLanguage\":\"en-US\",\"potentialAction\":[{\"@type\":\"ReadAction\",\"target\":[\"https:\/\/arcclubsaintlois.fr\/index.php\/a-propos\/\"]}]},{\"@type\":\"BreadcrumbList\",\"@id\":\"https:\/\/arcclubsaintlois.fr\/index.php\/a-propos\/#breadcrumb\",\"itemListElement\":[{\"@type\":\"ListItem\",\"position\":1,\"name\":\"Accueil\",\"item\":\"https:\/\/arcclubsaintlois.fr\/\"},{\"@type\":\"ListItem\",\"position\":2,\"name\":\"Contacts\"}]},{\"@type\":\"WebSite\",\"@id\":\"https:\/\/arcclubsaintlois.fr\/#website\",\"url\":\"https:\/\/arcclubsaintlois.fr\/\",\"name\":\"Arc Club Saint-Lois\",\"description\":\"Le tir \u00e0 l&#039;arc sur St L\u00f4 pour tous\",\"potentialAction\":[{\"@type\":\"SearchAction\",\"target\":{\"@type\":\"EntryPoint\",\"urlTemplate\":\"https:\/\/arcclubsaintlois.fr\/?s={search_term_string}\"},\"query-input\":\"required name=search_term_string\"}],\"inLanguage\":\"en-US\"}]}<\/script>\n<!-- \/ Yoast SEO plugin. -->","yoast_head_json":{"title":"Contacts - Arc Club Saint-Lois","robots":{"index":"index","follow":"follow","max-snippet":"max-snippet:-1","max-image-preview":"max-image-preview:large","max-video-preview":"max-video-preview:-1"},"canonical":"https:\/\/arcclubsaintlois.fr\/index.php\/a-propos\/","og_locale":"en_US","og_type":"article","og_title":"Contacts - Arc Club Saint-Lois","og_description":"Pour nous contacter: Tel: 06 51 89 54 12 Courrier: Arc Club Saint Lois 65 rue de la Fontaine 50000 Saint L\u00f4 president@arcclubsaintlois.fr &nbsp; &nbsp; President president@arcclubsaintlois.fr Tr\u00e9sorier tresorier@arcclubsaintlois.fr Comp\u00e9tition competition@arcclubsaintlois.fr Greffe greffe@arcclubsaintlois.fr &nbsp;","og_url":"https:\/\/arcclubsaintlois.fr\/index.php\/a-propos\/","og_site_name":"Arc Club Saint-Lois","article_modified_time":"2022-02-22T19:55:19+00:00","twitter_card":"summary_large_image","twitter_misc":{"Est. reading time":"1 minute"},"schema":{"@context":"https:\/\/schema.org","@graph":[{"@type":"WebPage","@id":"https:\/\/arcclubsaintlois.fr\/index.php\/a-propos\/","url":"https:\/\/arcclubsaintlois.fr\/index.php\/a-propos\/","name":"Contacts - Arc Club Saint-Lois","isPartOf":{"@id":"https:\/\/arcclubsaintlois.fr\/#website"},"datePublished":"2010-02-09T14:04:20+00:00","dateModified":"2022-02-22T19:55:19+00:00","breadcrumb":{"@id":"https:\/\/arcclubsaintlois.fr\/index.php\/a-propos\/#breadcrumb"},"inLanguage":"en-US","potentialAction":[{"@type":"ReadAction","target":["https:\/\/arcclubsaintlois.fr\/index.php\/a-propos\/"]}]},{"@type":"BreadcrumbList","@id":"https:\/\/arcclubsaintlois.fr\/index.php\/a-propos\/#breadcrumb","itemListElement":[{"@type":"ListItem","position":1,"name":"Accueil","item":"https:\/\/arcclubsaintlois.fr\/"},{"@type":"ListItem","position":2,"name":"Contacts"}]},{"@type":"WebSite","@id":"https:\/\/arcclubsaintlois.fr\/#website","url":"https:\/\/arcclubsaintlois.fr\/","name":"Arc Club Saint-Lois","description":"Le tir \u00e0 l&#039;arc sur St L\u00f4 pour tous","potentialAction":[{"@type":"SearchAction","target":{"@type":"EntryPoint","urlTemplate":"https:\/\/arcclubsaintlois.fr\/?s={search_term_string}"},"query-input":"required name=search_term_string"}],"inLanguage":"en-US"}]}},"_links":{"self":[{"href":"https:\/\/arcclubsaintlois.fr\/index.php\/wp-json\/wp\/v2\/pages\/2","targetHints":{"allow":["GET"]}}],"collection":[{"href":"https:\/\/arcclubsaintlois.fr\/index.php\/wp-json\/wp\/v2\/pages"}],"about":[{"href":"https:\/\/arcclubsaintlois.fr\/index.php\/wp-json\/wp\/v2\/types\/page"}],"author":[{"embeddable":true,"href":"https:\/\/arcclubsaintlois.fr\/index.php\/wp-json\/wp\/v2\/users\/1"}],"replies":[{"embeddable":true,"href":"https:\/\/arcclubsaintlois.fr\/index.php\/wp-json\/wp\/v2\/comments?post=2"}],"version-history":[{"count":2,"href":"https:\/\/arcclubsaintlois.fr\/index.php\/wp-json\/wp\/v2\/pages\/2\/revisions"}],"predecessor-version":[{"id":8809,"href":"https:\/\/arcclubsaintlois.fr\/index.php\/wp-json\/wp\/v2\/pages\/2\/revisions\/8809"}],"wp:attachment":[{"href":"https:\/\/arcclubsaintlois.fr\/index.php\/wp-json\/wp\/v2\/media?parent=2"}],"curies":[{"name":"wp","href":"https:\/\/api.w.org\/{rel}","templated":true}]}}